{"id":767,"date":"2019-04-05T09:25:40","date_gmt":"2019-04-05T08:25:40","guid":{"rendered":"https:\/\/psi-clinic.com\/?page_id=767"},"modified":"2026-04-01T13:35:03","modified_gmt":"2026-04-01T12:35:03","slug":"szechenyi-2020-project-announcements","status":"publish","type":"page","link":"https:\/\/fajdalomklinika.hu\/en\/szechenyi-2020-project-announcements\/","title":{"rendered":"Sz\u00e9chenyi 2020 Project Announcements"},"content":{"rendered":"[vc_row type=&#8221;in_container&#8221; full_screen_row_position=&#8221;middle&#8221; column_margin=&#8221;default&#8221; column_direction=&#8221;default&#8221; column_direction_tablet=&#8221;default&#8221; column_direction_phone=&#8221;default&#8221; scene_position=&#8221;center&#8221; text_color=&#8221;dark&#8221; text_align=&#8221;left&#8221; row_border_radius=&#8221;none&#8221; row_border_radius_applies=&#8221;bg&#8221; overflow=&#8221;visible&#8221; overlay_strength=&#8221;0.3&#8243; gradient_direction=&#8221;left_to_right&#8221; shape_divider_position=&#8221;bottom&#8221; bg_image_animation=&#8221;none&#8221;][vc_column column_padding=&#8221;padding-4-percent&#8221; column_padding_tablet=&#8221;no-extra-padding&#8221; column_padding_phone=&#8221;no-extra-padding&#8221; column_padding_position=&#8221;right&#8221; column_element_direction_desktop=&#8221;default&#8221; column_element_spacing=&#8221;default&#8221; desktop_text_alignment=&#8221;default&#8221; tablet_text_alignment=&#8221;default&#8221; phone_text_alignment=&#8221;default&#8221; background_color_opacity=&#8221;1&#8243; background_hover_color_opacity=&#8221;1&#8243; column_backdrop_filter=&#8221;none&#8221; column_shadow=&#8221;none&#8221; column_border_radius=&#8221;none&#8221; column_link_target=&#8221;_self&#8221; column_position=&#8221;default&#8221; gradient_direction=&#8221;left_to_right&#8221; overlay_strength=&#8221;0.3&#8243; width=&#8221;1\/2&#8243; tablet_width_inherit=&#8221;default&#8221; animation_type=&#8221;default&#8221; bg_image_animation=&#8221;none&#8221; border_type=&#8221;simple&#8221; column_border_width=&#8221;none&#8221; column_border_style=&#8221;solid&#8221; column_padding_type=&#8221;default&#8221; gradient_type=&#8221;default&#8221;][image_with_animation image_url=&#8221;3170&#8243; image_size=&#8221;full&#8221; max_width=&#8221;100%&#8221; max_width_mobile=&#8221;default&#8221; animation_type=&#8221;entrance&#8221; animation=&#8221;None&#8221; animation_movement_type=&#8221;transform_y&#8221; hover_animation=&#8221;none&#8221; alignment=&#8221;right&#8221; border_radius=&#8221;none&#8221; box_shadow=&#8221;none&#8221; image_loading=&#8221;default&#8221; el_class=&#8221;tenderimg&#8221;][vc_column_text]\n<h4>GINOP-1.2.2-15-2016-02442<\/h4>\n[\/vc_column_text][divider line_type=&#8221;Full Width Line&#8221; line_thickness=&#8221;5&#8243; divider_color=&#8221;extra-color-1&#8243;][vc_column_text css=&#8221;&#8221; text_direction=&#8221;default&#8221;]\n<div class=\"flex flex-col text-sm pb-25\">\n<section class=\"text-token-text-primary w-full focus:outline-none [--shadow-height:45px] has-data-writing-block:pointer-events-none has-data-writing-block:-mt-(--shadow-height) has-data-writing-block:pt-(--shadow-height) [&amp;:has([data-writing-block])&gt;*]:pointer-events-auto scroll-mt-[calc(var(--header-height)+min(200px,max(70px,20svh)))]\" dir=\"auto\" data-turn-id=\"request-WEB:765f65fc-ddda-4d87-8b4c-ec1f277fe02e-2\" data-testid=\"conversation-turn-6\" data-scroll-anchor=\"true\" data-turn=\"assistant\">\n<div class=\"text-base my-auto mx-auto pb-10 [--thread-content-margin:var(--thread-content-margin-xs,calc(var(--spacing)*4))] @w-sm\/main:[--thread-content-margin:var(--thread-content-margin-sm,calc(var(--spacing)*6))] @w-lg\/main:[--thread-content-margin:var(--thread-content-margin-lg,calc(var(--spacing)*16))] px-(--thread-content-margin)\">\n<div class=\"[--thread-content-max-width:40rem] @w-lg\/main:[--thread-content-max-width:48rem] mx-auto max-w-(--thread-content-max-width) flex-1 group\/turn-messages focus-visible:outline-hidden relative flex w-full min-w-0 flex-col agent-turn\">\n<div class=\"flex max-w-full flex-col gap-4 grow\">\n<div class=\"min-h-8 text-message relative flex w-full flex-col items-end gap-2 text-start break-words whitespace-normal outline-none keyboard-focused:focus-ring [.text-message+&amp;]:mt-1\" dir=\"auto\" tabindex=\"0\" data-message-author-role=\"assistant\" data-message-id=\"5c8f0a7a-a1f8-4083-9ba7-3ff734999c51\" data-message-model-slug=\"gpt-5-3\" data-turn-start-message=\"true\">\n<div class=\"flex w-full flex-col gap-1 empty:hidden\">\n<div class=\"markdown prose dark:prose-invert w-full wrap-break-word light markdown-new-styling\">\n<p data-start=\"0\" data-end=\"91\"><strong data-start=\"0\" data-end=\"24\">Name of Beneficiary:<\/strong> Regenerat\u00edv Medicina Eg\u00e9szs\u00e9g\u00fcgyi Kereskedelmi \u00e9s Szolg\u00e1ltat\u00f3 Kft.<\/p>\n<p data-start=\"93\" data-end=\"177\"><strong data-start=\"93\" data-end=\"111\">Project Title:<\/strong> Procurement of an Ultrasound Device at Regenerat\u00edv Medicina Kft.<\/p>\n<p data-start=\"179\" data-end=\"221\"><strong data-start=\"179\" data-end=\"207\">Contracted Grant Amount: <\/strong>HUF 11 976 500\u00a0<\/p>\n<p data-start=\"223\" data-end=\"256\"><strong data-start=\"223\" data-end=\"249\">Funding Intensity (%):<\/strong> 50,00%<\/p>\n<p data-start=\"258\" data-end=\"662\"><strong data-start=\"258\" data-end=\"282\">Project Description:<\/strong><br data-start=\"282\" data-end=\"285\" \/>Within the framework of the project, 1 unit of Sonio-Tech R18 ultrasound device was acquired. With the help of this equipment, we are able to achieve results in the following two areas:<br data-start=\"470\" data-end=\"473\" \/>I. diagnostics (cardiac, abdominal, musculoskeletal \u2013 joint, tendon, muscle disorders),<br data-start=\"560\" data-end=\"563\" \/>II. therapeutic interventions (nerve blocks, joint punctures, regenerative therapeutic treatments).<\/p>\n<p data-start=\"664\" data-end=\"1030\">The acquisition of the device results in increased added value, as we purchased a machine with more advanced technology. Consequently, we will be able to provide not only higher-quality but also a wider range of services through colleagues involved in training, especially in rural areas where, based on our experience, there is a significant need for such services.<\/p>\n<p data-start=\"1032\" data-end=\"1079\"><strong data-start=\"1032\" data-end=\"1067\">Actual Project Completion Date:<\/strong> 2016.07.14.<\/p>\n<p data-start=\"1081\" data-end=\"1141\" data-is-last-node=\"\" data-is-only-node=\"\"><strong data-start=\"1081\" data-end=\"1115\">Project Identification Number:<\/strong> GINOP-1.2.2-15-2016-02442<\/p>\n<\/div>\n<\/div>\n<\/div>\n<\/div>\n<\/div>\n<\/div>\n<\/section>\n<\/div>\n[\/vc_column_text][\/vc_column][vc_column column_padding=&#8221;padding-4-percent&#8221; column_padding_tablet=&#8221;no-extra-padding&#8221; column_padding_phone=&#8221;no-extra-padding&#8221; column_padding_position=&#8221;left&#8221; column_element_direction_desktop=&#8221;default&#8221; column_element_spacing=&#8221;default&#8221; desktop_text_alignment=&#8221;default&#8221; tablet_text_alignment=&#8221;default&#8221; phone_text_alignment=&#8221;default&#8221; background_color_opacity=&#8221;1&#8243; background_hover_color_opacity=&#8221;1&#8243; column_backdrop_filter=&#8221;none&#8221; column_shadow=&#8221;none&#8221; column_border_radius=&#8221;none&#8221; column_link_target=&#8221;_self&#8221; column_position=&#8221;default&#8221; gradient_direction=&#8221;left_to_right&#8221; overlay_strength=&#8221;0.3&#8243; width=&#8221;1\/2&#8243; tablet_width_inherit=&#8221;default&#8221; animation_type=&#8221;default&#8221; bg_image_animation=&#8221;none&#8221; border_type=&#8221;simple&#8221; column_border_width=&#8221;none&#8221; column_border_style=&#8221;solid&#8221; column_padding_type=&#8221;default&#8221; gradient_type=&#8221;default&#8221;][image_with_animation image_url=&#8221;3168&#8243; image_size=&#8221;full&#8221; max_width=&#8221;100%&#8221; max_width_mobile=&#8221;default&#8221; animation_type=&#8221;entrance&#8221; animation=&#8221;None&#8221; animation_movement_type=&#8221;transform_y&#8221; hover_animation=&#8221;none&#8221; alignment=&#8221;right&#8221; border_radius=&#8221;none&#8221; box_shadow=&#8221;none&#8221; image_loading=&#8221;default&#8221; el_class=&#8221;tenderimg&#8221;][vc_column_text]\n<h4>GINOP-1.2.2-16-2017-00737<\/h4>\n[\/vc_column_text][divider line_type=&#8221;Full Width Line&#8221; line_thickness=&#8221;5&#8243; divider_color=&#8221;extra-color-1&#8243;][vc_column_text css=&#8221;&#8221; text_direction=&#8221;default&#8221;]\n<p data-start=\"0\" data-end=\"91\"><strong data-start=\"0\" data-end=\"24\">Name of Beneficiary:<\/strong> Regenerat\u00edv Medicina Eg\u00e9szs\u00e9g\u00fcgyi Kereskedelmi \u00e9s Szolg\u00e1ltat\u00f3 Kft.<\/p>\n<p data-start=\"93\" data-end=\"174\"><strong data-start=\"93\" data-end=\"111\">Project Title:<\/strong> Procurement of an Ultrasound Device to Improve Competitiveness<\/p>\n<p data-start=\"176\" data-end=\"218\"><strong data-start=\"176\" data-end=\"204\">Contracted Grant Amount:<\/strong> HUF 19 875 000<\/p>\n<p data-start=\"220\" data-end=\"253\"><strong data-start=\"220\" data-end=\"246\">Funding Intensity (%):<\/strong> 50,00%<\/p>\n<p data-start=\"255\" data-end=\"978\"><strong data-start=\"255\" data-end=\"279\">Project Description:<\/strong><br data-start=\"279\" data-end=\"282\" \/>During our application, we were awarded non-repayable funding, which enabled us to carry out equipment procurement at our site. The acquisition of the device results in increased added value, as we are purchasing a machine with more advanced technology. As a result, we will be able to provide not only higher-quality but also a wider range of services in rural areas, where based on our experience there is a particularly high demand for such services. The equipment will also allow us to provide educational activities. The Sonio-Tech XP13 ultrasound imaging device represents cutting-edge technology, offering a significant professional opportunity for us to work with such advanced equipment.<\/p>\n<p data-start=\"980\" data-end=\"1027\"><strong data-start=\"980\" data-end=\"1015\">Actual Project Completion Date:<\/strong> 2017.12.04.<\/p>\n<p data-start=\"1029\" data-end=\"1091\" data-is-last-node=\"\" data-is-only-node=\"\"><strong data-start=\"1029\" data-end=\"1063\">Project Identification Number:<\/strong> GINOP-1.2.2-16-2017-00737<\/p>\n[\/vc_column_text][\/vc_column][\/vc_row]\n","protected":false},"excerpt":{"rendered":"<p>[vc_row type=&#8221;in_container&#8221; full_screen_row_position=&#8221;middle&#8221; column_margin=&#8221;default&#8221; column_direction=&#8221;default&#8221; column_direction_tablet=&#8221;default&#8221; column_direction_phone=&#8221;default&#8221; scene_position=&#8221;center&#8221; text_color=&#8221;dark&#8221; text_align=&#8221;left&#8221; row_border_radius=&#8221;none&#8221; row_border_radius_applies=&#8221;bg&#8221; overflow=&#8221;visible&#8221; overlay_strength=&#8221;0.3&#8243; gradient_direction=&#8221;left_to_right&#8221; shape_divider_position=&#8221;bottom&#8221; bg_image_animation=&#8221;none&#8221;][vc_column column_padding=&#8221;padding-4-percent&#8221; column_padding_tablet=&#8221;no-extra-padding&#8221; column_padding_phone=&#8221;no-extra-padding&#8221; column_padding_position=&#8221;right&#8221; column_element_direction_desktop=&#8221;default&#8221; column_element_spacing=&#8221;default&#8221; desktop_text_alignment=&#8221;default&#8221; tablet_text_alignment=&#8221;default&#8221; phone_text_alignment=&#8221;default&#8221; background_color_opacity=&#8221;1&#8243; background_hover_color_opacity=&#8221;1&#8243; column_backdrop_filter=&#8221;none&#8221; column_shadow=&#8221;none&#8221;&#8230;<\/p>\n","protected":false},"author":3,"featured_media":0,"parent":0,"menu_order":0,"comment_status":"closed","ping_status":"closed","template":"","meta":{"footnotes":""},"class_list":["post-767","page","type-page","status-publish"],"yoast_head":"<!-- This site is optimized with the Yoast SEO plugin v27.4 - https:\/\/yoast.com\/product\/yoast-seo-wordpress\/ -->\n<title>Sz\u00e9chenyi 2020 Project Announcements | F\u00e1jdalomklinika<\/title>\n<meta name=\"robots\" content=\"index, follow, max-snippet:-1, max-image-preview:large, max-video-preview:-1\" \/>\n<link rel=\"canonical\" href=\"https:\/\/fajdalomklinika.hu\/en\/szechenyi-2020-project-announcements\/\" \/>\n<meta property=\"og:locale\" content=\"en_US\" \/>\n<meta property=\"og:type\" content=\"article\" \/>\n<meta property=\"og:title\" content=\"Sz\u00e9chenyi 2020 Project Announcements | F\u00e1jdalomklinika\" \/>\n<meta property=\"og:description\" content=\"[vc_row type=&#8221;in_container&#8221; full_screen_row_position=&#8221;middle&#8221; column_margin=&#8221;default&#8221; column_direction=&#8221;default&#8221; column_direction_tablet=&#8221;default&#8221; column_direction_phone=&#8221;default&#8221; scene_position=&#8221;center&#8221; text_color=&#8221;dark&#8221; text_align=&#8221;left&#8221; row_border_radius=&#8221;none&#8221; row_border_radius_applies=&#8221;bg&#8221; overflow=&#8221;visible&#8221; overlay_strength=&#8221;0.3&#8243; gradient_direction=&#8221;left_to_right&#8221; shape_divider_position=&#8221;bottom&#8221; bg_image_animation=&#8221;none&#8221;][vc_column column_padding=&#8221;padding-4-percent&#8221; column_padding_tablet=&#8221;no-extra-padding&#8221; column_padding_phone=&#8221;no-extra-padding&#8221; column_padding_position=&#8221;right&#8221; column_element_direction_desktop=&#8221;default&#8221; column_element_spacing=&#8221;default&#8221; desktop_text_alignment=&#8221;default&#8221; tablet_text_alignment=&#8221;default&#8221; phone_text_alignment=&#8221;default&#8221; background_color_opacity=&#8221;1&#8243; background_hover_color_opacity=&#8221;1&#8243; column_backdrop_filter=&#8221;none&#8221; column_shadow=&#8221;none&#8221;...\" \/>\n<meta property=\"og:url\" content=\"https:\/\/fajdalomklinika.hu\/en\/szechenyi-2020-project-announcements\/\" \/>\n<meta property=\"og:site_name\" content=\"F\u00e1jdalomklinika\" \/>\n<meta property=\"article:modified_time\" content=\"2026-04-01T12:35:03+00:00\" \/>\n<meta property=\"og:image\" content=\"https:\/\/fajdalomklinika.hu\/wp-content\/uploads\/2023\/04\/2019-10-04-12.21.42-scaled.jpg\" \/>\n\t<meta property=\"og:image:width\" content=\"2560\" \/>\n\t<meta property=\"og:image:height\" content=\"1696\" \/>\n\t<meta property=\"og:image:type\" content=\"image\/jpeg\" \/>\n<meta name=\"twitter:card\" content=\"summary_large_image\" \/>\n<meta name=\"twitter:label1\" content=\"Est. reading time\" \/>\n\t<meta name=\"twitter:data1\" content=\"3 minutes\" \/>\n<script type=\"application\/ld+json\" class=\"yoast-schema-graph\">{\"@context\":\"https:\\\/\\\/schema.org\",\"@graph\":[{\"@type\":\"WebPage\",\"@id\":\"https:\\\/\\\/fajdalomklinika.hu\\\/en\\\/szechenyi-2020-project-announcements\\\/\",\"url\":\"https:\\\/\\\/fajdalomklinika.hu\\\/en\\\/szechenyi-2020-project-announcements\\\/\",\"name\":\"Sz\u00e9chenyi 2020 Project Announcements | F\u00e1jdalomklinika\",\"isPartOf\":{\"@id\":\"https:\\\/\\\/fajdalomklinika.hu\\\/en\\\/#website\"},\"datePublished\":\"2019-04-05T08:25:40+00:00\",\"dateModified\":\"2026-04-01T12:35:03+00:00\",\"breadcrumb\":{\"@id\":\"https:\\\/\\\/fajdalomklinika.hu\\\/en\\\/szechenyi-2020-project-announcements\\\/#breadcrumb\"},\"inLanguage\":\"en-US\",\"potentialAction\":[{\"@type\":\"ReadAction\",\"target\":[\"https:\\\/\\\/fajdalomklinika.hu\\\/en\\\/szechenyi-2020-project-announcements\\\/\"]}]},{\"@type\":\"BreadcrumbList\",\"@id\":\"https:\\\/\\\/fajdalomklinika.hu\\\/en\\\/szechenyi-2020-project-announcements\\\/#breadcrumb\",\"itemListElement\":[{\"@type\":\"ListItem\",\"position\":1,\"name\":\"Home\",\"item\":\"https:\\\/\\\/fajdalomklinika.hu\\\/en\\\/\"},{\"@type\":\"ListItem\",\"position\":2,\"name\":\"Sz\u00e9chenyi 2020 Project Announcements\"}]},{\"@type\":\"WebSite\",\"@id\":\"https:\\\/\\\/fajdalomklinika.hu\\\/en\\\/#website\",\"url\":\"https:\\\/\\\/fajdalomklinika.hu\\\/en\\\/\",\"name\":\"F\u00e1jdalomklinika\",\"description\":\"\",\"publisher\":{\"@id\":\"https:\\\/\\\/fajdalomklinika.hu\\\/en\\\/#organization\"},\"potentialAction\":[{\"@type\":\"SearchAction\",\"target\":{\"@type\":\"EntryPoint\",\"urlTemplate\":\"https:\\\/\\\/fajdalomklinika.hu\\\/en\\\/?s={search_term_string}\"},\"query-input\":{\"@type\":\"PropertyValueSpecification\",\"valueRequired\":true,\"valueName\":\"search_term_string\"}}],\"inLanguage\":\"en-US\"},{\"@type\":\"Organization\",\"@id\":\"https:\\\/\\\/fajdalomklinika.hu\\\/en\\\/#organization\",\"name\":\"PSI F\u00e1jdalom Klnika\",\"url\":\"https:\\\/\\\/fajdalomklinika.hu\\\/en\\\/\",\"logo\":{\"@type\":\"ImageObject\",\"inLanguage\":\"en-US\",\"@id\":\"https:\\\/\\\/fajdalomklinika.hu\\\/en\\\/#\\\/schema\\\/logo\\\/image\\\/\",\"url\":\"https:\\\/\\\/fajdalomklinika.hu\\\/wp-content\\\/uploads\\\/2026\\\/04\\\/PSI-Fajdalom-Klinika-FINAL.png\",\"contentUrl\":\"https:\\\/\\\/fajdalomklinika.hu\\\/wp-content\\\/uploads\\\/2026\\\/04\\\/PSI-Fajdalom-Klinika-FINAL.png\",\"width\":1826,\"height\":588,\"caption\":\"PSI F\u00e1jdalom Klnika\"},\"image\":{\"@id\":\"https:\\\/\\\/fajdalomklinika.hu\\\/en\\\/#\\\/schema\\\/logo\\\/image\\\/\"}}]}<\/script>\n<!-- \/ Yoast SEO plugin. -->","yoast_head_json":{"title":"Sz\u00e9chenyi 2020 Project Announcements | F\u00e1jdalomklinika","robots":{"index":"index","follow":"follow","max-snippet":"max-snippet:-1","max-image-preview":"max-image-preview:large","max-video-preview":"max-video-preview:-1"},"canonical":"https:\/\/fajdalomklinika.hu\/en\/szechenyi-2020-project-announcements\/","og_locale":"en_US","og_type":"article","og_title":"Sz\u00e9chenyi 2020 Project Announcements | F\u00e1jdalomklinika","og_description":"[vc_row type=&#8221;in_container&#8221; full_screen_row_position=&#8221;middle&#8221; column_margin=&#8221;default&#8221; column_direction=&#8221;default&#8221; column_direction_tablet=&#8221;default&#8221; column_direction_phone=&#8221;default&#8221; scene_position=&#8221;center&#8221; text_color=&#8221;dark&#8221; text_align=&#8221;left&#8221; row_border_radius=&#8221;none&#8221; row_border_radius_applies=&#8221;bg&#8221; overflow=&#8221;visible&#8221; overlay_strength=&#8221;0.3&#8243; gradient_direction=&#8221;left_to_right&#8221; shape_divider_position=&#8221;bottom&#8221; bg_image_animation=&#8221;none&#8221;][vc_column column_padding=&#8221;padding-4-percent&#8221; column_padding_tablet=&#8221;no-extra-padding&#8221; column_padding_phone=&#8221;no-extra-padding&#8221; column_padding_position=&#8221;right&#8221; column_element_direction_desktop=&#8221;default&#8221; column_element_spacing=&#8221;default&#8221; desktop_text_alignment=&#8221;default&#8221; tablet_text_alignment=&#8221;default&#8221; phone_text_alignment=&#8221;default&#8221; background_color_opacity=&#8221;1&#8243; background_hover_color_opacity=&#8221;1&#8243; column_backdrop_filter=&#8221;none&#8221; column_shadow=&#8221;none&#8221;...","og_url":"https:\/\/fajdalomklinika.hu\/en\/szechenyi-2020-project-announcements\/","og_site_name":"F\u00e1jdalomklinika","article_modified_time":"2026-04-01T12:35:03+00:00","og_image":[{"width":2560,"height":1696,"url":"https:\/\/fajdalomklinika.hu\/wp-content\/uploads\/2023\/04\/2019-10-04-12.21.42-scaled.jpg","type":"image\/jpeg"}],"twitter_card":"summary_large_image","twitter_misc":{"Est. reading time":"3 minutes"},"schema":{"@context":"https:\/\/schema.org","@graph":[{"@type":"WebPage","@id":"https:\/\/fajdalomklinika.hu\/en\/szechenyi-2020-project-announcements\/","url":"https:\/\/fajdalomklinika.hu\/en\/szechenyi-2020-project-announcements\/","name":"Sz\u00e9chenyi 2020 Project Announcements | F\u00e1jdalomklinika","isPartOf":{"@id":"https:\/\/fajdalomklinika.hu\/en\/#website"},"datePublished":"2019-04-05T08:25:40+00:00","dateModified":"2026-04-01T12:35:03+00:00","breadcrumb":{"@id":"https:\/\/fajdalomklinika.hu\/en\/szechenyi-2020-project-announcements\/#breadcrumb"},"inLanguage":"en-US","potentialAction":[{"@type":"ReadAction","target":["https:\/\/fajdalomklinika.hu\/en\/szechenyi-2020-project-announcements\/"]}]},{"@type":"BreadcrumbList","@id":"https:\/\/fajdalomklinika.hu\/en\/szechenyi-2020-project-announcements\/#breadcrumb","itemListElement":[{"@type":"ListItem","position":1,"name":"Home","item":"https:\/\/fajdalomklinika.hu\/en\/"},{"@type":"ListItem","position":2,"name":"Sz\u00e9chenyi 2020 Project Announcements"}]},{"@type":"WebSite","@id":"https:\/\/fajdalomklinika.hu\/en\/#website","url":"https:\/\/fajdalomklinika.hu\/en\/","name":"F\u00e1jdalomklinika","description":"","publisher":{"@id":"https:\/\/fajdalomklinika.hu\/en\/#organization"},"potentialAction":[{"@type":"SearchAction","target":{"@type":"EntryPoint","urlTemplate":"https:\/\/fajdalomklinika.hu\/en\/?s={search_term_string}"},"query-input":{"@type":"PropertyValueSpecification","valueRequired":true,"valueName":"search_term_string"}}],"inLanguage":"en-US"},{"@type":"Organization","@id":"https:\/\/fajdalomklinika.hu\/en\/#organization","name":"PSI F\u00e1jdalom Klnika","url":"https:\/\/fajdalomklinika.hu\/en\/","logo":{"@type":"ImageObject","inLanguage":"en-US","@id":"https:\/\/fajdalomklinika.hu\/en\/#\/schema\/logo\/image\/","url":"https:\/\/fajdalomklinika.hu\/wp-content\/uploads\/2026\/04\/PSI-Fajdalom-Klinika-FINAL.png","contentUrl":"https:\/\/fajdalomklinika.hu\/wp-content\/uploads\/2026\/04\/PSI-Fajdalom-Klinika-FINAL.png","width":1826,"height":588,"caption":"PSI F\u00e1jdalom Klnika"},"image":{"@id":"https:\/\/fajdalomklinika.hu\/en\/#\/schema\/logo\/image\/"}}]}},"_links":{"self":[{"href":"https:\/\/fajdalomklinika.hu\/en\/wp-json\/wp\/v2\/pages\/767","targetHints":{"allow":["GET"]}}],"collection":[{"href":"https:\/\/fajdalomklinika.hu\/en\/wp-json\/wp\/v2\/pages"}],"about":[{"href":"https:\/\/fajdalomklinika.hu\/en\/wp-json\/wp\/v2\/types\/page"}],"author":[{"embeddable":true,"href":"https:\/\/fajdalomklinika.hu\/en\/wp-json\/wp\/v2\/users\/3"}],"replies":[{"embeddable":true,"href":"https:\/\/fajdalomklinika.hu\/en\/wp-json\/wp\/v2\/comments?post=767"}],"version-history":[{"count":4,"href":"https:\/\/fajdalomklinika.hu\/en\/wp-json\/wp\/v2\/pages\/767\/revisions"}],"predecessor-version":[{"id":9656,"href":"https:\/\/fajdalomklinika.hu\/en\/wp-json\/wp\/v2\/pages\/767\/revisions\/9656"}],"wp:attachment":[{"href":"https:\/\/fajdalomklinika.hu\/en\/wp-json\/wp\/v2\/media?parent=767"}],"curies":[{"name":"wp","href":"https:\/\/api.w.org\/{rel}","templated":true}]}}