{"id":2946,"date":"2023-10-21T20:10:03","date_gmt":"2023-10-21T19:10:03","guid":{"rendered":"https:\/\/fajdalomklinika.hu\/impresszum\/"},"modified":"2025-10-07T09:31:42","modified_gmt":"2025-10-07T08:31:42","slug":"imprss","status":"publish","type":"page","link":"https:\/\/fajdalomklinika.hu\/en\/imprss\/","title":{"rendered":"Impress"},"content":{"rendered":"<p class=\"fw-bold m-0\"><strong>REMP-MED Ltd.<\/strong><\/p>\n<p>Head office: 1031 Budapest N\u00e1n\u00e1si \u00fat 39. B \u00e9p. 301 ajt\u00f3<br \/>\nCompany reg number: 01-09-344668<br \/>\nTax number: 26784768-1-41<br \/>\nEmail: <a href=\"mailto:info@fajdalomklinika.hu\">info@fajdalomklinika.hu<\/a><\/p>\n<p><strong>Hosting:<\/strong><\/p>\n<p>Company: Websas.hu Ltd.<br \/>\nHead office: 8272 Tagyon, Pet\u0151fi S\u00e1ndor utca 7.<br \/>\nCompany reg number: 19-09-515271<br \/>\nTax number: 13412274-2-19<br \/>\nEmail: <a href=\"mailto:info@websas.hu\">info@websas.hu<\/a><br \/>\n<strong><br \/>\n<\/strong><\/p>\n","protected":false},"excerpt":{"rendered":"<p>REMP-MED Ltd. Head office: 1031 Budapest N\u00e1n\u00e1si \u00fat 39. B \u00e9p. 301 ajt\u00f3 Company reg number: 01-09-344668 Tax number: 26784768-1-41 Email: info@fajdalomklinika.hu Hosting: Company: Websas.hu Ltd. Head office: 8272 Tagyon,&#8230;<\/p>\n","protected":false},"author":4,"featured_media":0,"parent":0,"menu_order":0,"comment_status":"closed","ping_status":"closed","template":"","meta":{"footnotes":""},"class_list":["post-2946","page","type-page","status-publish"],"yoast_head":"<!-- This site is optimized with the Yoast SEO plugin v27.4 - https:\/\/yoast.com\/product\/yoast-seo-wordpress\/ -->\n<title>Impress | F\u00e1jdalomklinika<\/title>\n<meta name=\"robots\" content=\"index, follow, max-snippet:-1, max-image-preview:large, max-video-preview:-1\" \/>\n<link rel=\"canonical\" href=\"https:\/\/fajdalomklinika.hu\/en\/imprss\/\" \/>\n<meta property=\"og:locale\" content=\"en_US\" \/>\n<meta property=\"og:type\" content=\"article\" \/>\n<meta property=\"og:title\" content=\"Impress | F\u00e1jdalomklinika\" \/>\n<meta property=\"og:description\" content=\"REMP-MED Ltd. Head office: 1031 Budapest N\u00e1n\u00e1si \u00fat 39. B \u00e9p. 301 ajt\u00f3 Company reg number: 01-09-344668 Tax number: 26784768-1-41 Email: info@fajdalomklinika.hu Hosting: Company: Websas.hu Ltd. Head office: 8272 Tagyon,...\" \/>\n<meta property=\"og:url\" content=\"https:\/\/fajdalomklinika.hu\/en\/imprss\/\" \/>\n<meta property=\"og:site_name\" content=\"F\u00e1jdalomklinika\" \/>\n<meta property=\"article:modified_time\" content=\"2025-10-07T08:31:42+00:00\" \/>\n<meta property=\"og:image\" content=\"https:\/\/fajdalomklinika.hu\/wp-content\/uploads\/2023\/04\/2019-10-04-12.21.42-scaled.jpg\" \/>\n\t<meta property=\"og:image:width\" content=\"2560\" \/>\n\t<meta property=\"og:image:height\" content=\"1696\" \/>\n\t<meta property=\"og:image:type\" content=\"image\/jpeg\" \/>\n<meta name=\"twitter:card\" content=\"summary_large_image\" \/>\n<meta name=\"twitter:label1\" content=\"Est. reading time\" \/>\n\t<meta name=\"twitter:data1\" content=\"1 minute\" \/>\n<script type=\"application\/ld+json\" class=\"yoast-schema-graph\">{\"@context\":\"https:\\\/\\\/schema.org\",\"@graph\":[{\"@type\":\"WebPage\",\"@id\":\"https:\\\/\\\/fajdalomklinika.hu\\\/en\\\/imprss\\\/\",\"url\":\"https:\\\/\\\/fajdalomklinika.hu\\\/en\\\/imprss\\\/\",\"name\":\"Impress | F\u00e1jdalomklinika\",\"isPartOf\":{\"@id\":\"https:\\\/\\\/fajdalomklinika.hu\\\/en\\\/#website\"},\"datePublished\":\"2023-10-21T19:10:03+00:00\",\"dateModified\":\"2025-10-07T08:31:42+00:00\",\"breadcrumb\":{\"@id\":\"https:\\\/\\\/fajdalomklinika.hu\\\/en\\\/imprss\\\/#breadcrumb\"},\"inLanguage\":\"en-US\",\"potentialAction\":[{\"@type\":\"ReadAction\",\"target\":[\"https:\\\/\\\/fajdalomklinika.hu\\\/en\\\/imprss\\\/\"]}]},{\"@type\":\"BreadcrumbList\",\"@id\":\"https:\\\/\\\/fajdalomklinika.hu\\\/en\\\/imprss\\\/#breadcrumb\",\"itemListElement\":[{\"@type\":\"ListItem\",\"position\":1,\"name\":\"Home\",\"item\":\"https:\\\/\\\/fajdalomklinika.hu\\\/en\\\/\"},{\"@type\":\"ListItem\",\"position\":2,\"name\":\"Impress\"}]},{\"@type\":\"WebSite\",\"@id\":\"https:\\\/\\\/fajdalomklinika.hu\\\/en\\\/#website\",\"url\":\"https:\\\/\\\/fajdalomklinika.hu\\\/en\\\/\",\"name\":\"F\u00e1jdalomklinika\",\"description\":\"\",\"publisher\":{\"@id\":\"https:\\\/\\\/fajdalomklinika.hu\\\/en\\\/#organization\"},\"potentialAction\":[{\"@type\":\"SearchAction\",\"target\":{\"@type\":\"EntryPoint\",\"urlTemplate\":\"https:\\\/\\\/fajdalomklinika.hu\\\/en\\\/?s={search_term_string}\"},\"query-input\":{\"@type\":\"PropertyValueSpecification\",\"valueRequired\":true,\"valueName\":\"search_term_string\"}}],\"inLanguage\":\"en-US\"},{\"@type\":\"Organization\",\"@id\":\"https:\\\/\\\/fajdalomklinika.hu\\\/en\\\/#organization\",\"name\":\"PSI F\u00e1jdalom Klnika\",\"url\":\"https:\\\/\\\/fajdalomklinika.hu\\\/en\\\/\",\"logo\":{\"@type\":\"ImageObject\",\"inLanguage\":\"en-US\",\"@id\":\"https:\\\/\\\/fajdalomklinika.hu\\\/en\\\/#\\\/schema\\\/logo\\\/image\\\/\",\"url\":\"https:\\\/\\\/fajdalomklinika.hu\\\/wp-content\\\/uploads\\\/2026\\\/04\\\/PSI-Fajdalom-Klinika-FINAL.png\",\"contentUrl\":\"https:\\\/\\\/fajdalomklinika.hu\\\/wp-content\\\/uploads\\\/2026\\\/04\\\/PSI-Fajdalom-Klinika-FINAL.png\",\"width\":1826,\"height\":588,\"caption\":\"PSI F\u00e1jdalom Klnika\"},\"image\":{\"@id\":\"https:\\\/\\\/fajdalomklinika.hu\\\/en\\\/#\\\/schema\\\/logo\\\/image\\\/\"}}]}<\/script>\n<!-- \/ Yoast SEO plugin. -->","yoast_head_json":{"title":"Impress | F\u00e1jdalomklinika","robots":{"index":"index","follow":"follow","max-snippet":"max-snippet:-1","max-image-preview":"max-image-preview:large","max-video-preview":"max-video-preview:-1"},"canonical":"https:\/\/fajdalomklinika.hu\/en\/imprss\/","og_locale":"en_US","og_type":"article","og_title":"Impress | F\u00e1jdalomklinika","og_description":"REMP-MED Ltd. Head office: 1031 Budapest N\u00e1n\u00e1si \u00fat 39. B \u00e9p. 301 ajt\u00f3 Company reg number: 01-09-344668 Tax number: 26784768-1-41 Email: info@fajdalomklinika.hu Hosting: Company: Websas.hu Ltd. Head office: 8272 Tagyon,...","og_url":"https:\/\/fajdalomklinika.hu\/en\/imprss\/","og_site_name":"F\u00e1jdalomklinika","article_modified_time":"2025-10-07T08:31:42+00:00","og_image":[{"width":2560,"height":1696,"url":"https:\/\/fajdalomklinika.hu\/wp-content\/uploads\/2023\/04\/2019-10-04-12.21.42-scaled.jpg","type":"image\/jpeg"}],"twitter_card":"summary_large_image","twitter_misc":{"Est. reading time":"1 minute"},"schema":{"@context":"https:\/\/schema.org","@graph":[{"@type":"WebPage","@id":"https:\/\/fajdalomklinika.hu\/en\/imprss\/","url":"https:\/\/fajdalomklinika.hu\/en\/imprss\/","name":"Impress | F\u00e1jdalomklinika","isPartOf":{"@id":"https:\/\/fajdalomklinika.hu\/en\/#website"},"datePublished":"2023-10-21T19:10:03+00:00","dateModified":"2025-10-07T08:31:42+00:00","breadcrumb":{"@id":"https:\/\/fajdalomklinika.hu\/en\/imprss\/#breadcrumb"},"inLanguage":"en-US","potentialAction":[{"@type":"ReadAction","target":["https:\/\/fajdalomklinika.hu\/en\/imprss\/"]}]},{"@type":"BreadcrumbList","@id":"https:\/\/fajdalomklinika.hu\/en\/imprss\/#breadcrumb","itemListElement":[{"@type":"ListItem","position":1,"name":"Home","item":"https:\/\/fajdalomklinika.hu\/en\/"},{"@type":"ListItem","position":2,"name":"Impress"}]},{"@type":"WebSite","@id":"https:\/\/fajdalomklinika.hu\/en\/#website","url":"https:\/\/fajdalomklinika.hu\/en\/","name":"F\u00e1jdalomklinika","description":"","publisher":{"@id":"https:\/\/fajdalomklinika.hu\/en\/#organization"},"potentialAction":[{"@type":"SearchAction","target":{"@type":"EntryPoint","urlTemplate":"https:\/\/fajdalomklinika.hu\/en\/?s={search_term_string}"},"query-input":{"@type":"PropertyValueSpecification","valueRequired":true,"valueName":"search_term_string"}}],"inLanguage":"en-US"},{"@type":"Organization","@id":"https:\/\/fajdalomklinika.hu\/en\/#organization","name":"PSI F\u00e1jdalom Klnika","url":"https:\/\/fajdalomklinika.hu\/en\/","logo":{"@type":"ImageObject","inLanguage":"en-US","@id":"https:\/\/fajdalomklinika.hu\/en\/#\/schema\/logo\/image\/","url":"https:\/\/fajdalomklinika.hu\/wp-content\/uploads\/2026\/04\/PSI-Fajdalom-Klinika-FINAL.png","contentUrl":"https:\/\/fajdalomklinika.hu\/wp-content\/uploads\/2026\/04\/PSI-Fajdalom-Klinika-FINAL.png","width":1826,"height":588,"caption":"PSI F\u00e1jdalom Klnika"},"image":{"@id":"https:\/\/fajdalomklinika.hu\/en\/#\/schema\/logo\/image\/"}}]}},"_links":{"self":[{"href":"https:\/\/fajdalomklinika.hu\/en\/wp-json\/wp\/v2\/pages\/2946","targetHints":{"allow":["GET"]}}],"collection":[{"href":"https:\/\/fajdalomklinika.hu\/en\/wp-json\/wp\/v2\/pages"}],"about":[{"href":"https:\/\/fajdalomklinika.hu\/en\/wp-json\/wp\/v2\/types\/page"}],"author":[{"embeddable":true,"href":"https:\/\/fajdalomklinika.hu\/en\/wp-json\/wp\/v2\/users\/4"}],"replies":[{"embeddable":true,"href":"https:\/\/fajdalomklinika.hu\/en\/wp-json\/wp\/v2\/comments?post=2946"}],"version-history":[{"count":4,"href":"https:\/\/fajdalomklinika.hu\/en\/wp-json\/wp\/v2\/pages\/2946\/revisions"}],"predecessor-version":[{"id":7363,"href":"https:\/\/fajdalomklinika.hu\/en\/wp-json\/wp\/v2\/pages\/2946\/revisions\/7363"}],"wp:attachment":[{"href":"https:\/\/fajdalomklinika.hu\/en\/wp-json\/wp\/v2\/media?parent=2946"}],"curies":[{"name":"wp","href":"https:\/\/api.w.org\/{rel}","templated":true}]}}